{"id":17,"date":"2025-03-08T23:11:48","date_gmt":"2025-03-08T23:11:48","guid":{"rendered":"https:\/\/pulver.rs\/?page_id=17"},"modified":"2025-07-01T07:21:53","modified_gmt":"2025-07-01T07:21:53","slug":"pulver-srbija","status":"publish","type":"page","link":"https:\/\/pulver.rs\/","title":{"rendered":"Pulver Srbija"},"content":{"rendered":"\t\t<div data-elementor-type=\"wp-page\" data-elementor-id=\"17\" class=\"elementor elementor-17\" data-elementor-post-type=\"page\">\n\t\t\t\t<div class=\"elementor-element elementor-element-8ec1f83 e-flex e-con-boxed e-con e-parent\" data-id=\"8ec1f83\" data-element_type=\"container\">\n\t\t\t\t\t<div class=\"e-con-inner\">\n\t\t\t\t<div class=\"elementor-element elementor-element-48f59d6 elementor-widget elementor-widget-heading\" data-id=\"48f59d6\" data-element_type=\"widget\" data-widget_type=\"heading.default\">\n\t\t\t\t<div class=\"elementor-widget-container\">\n\t\t\t\t\t<h2 class=\"elementor-heading-title elementor-size-default\">Kvalitetne boje za plastifikaciju<\/h2>\t\t\t\t<\/div>\n\t\t\t\t<\/div>\n\t\t<div class=\"elementor-element elementor-element-f984082 e-con-full e-flex e-con e-child\" data-id=\"f984082\" data-element_type=\"container\">\n\t\t\t\t<div class=\"elementor-element elementor-element-f538107 elementor-widget__width-initial elementor-widget elementor-widget-image\" data-id=\"f538107\" data-element_type=\"widget\" data-widget_type=\"image.default\">\n\t\t\t\t<div class=\"elementor-widget-container\">\n\t\t\t\t\t\t\t\t\t\t\t\t\t\t\t<img fetchpriority=\"high\" decoding=\"async\" width=\"1199\" height=\"800\" src=\"https:\/\/pulver.rs\/wp-content\/uploads\/2025\/03\/3.jpg\" class=\"attachment-full size-full wp-image-23\" alt=\"\" srcset=\"https:\/\/pulver.rs\/wp-content\/uploads\/2025\/03\/3.jpg 1199w, https:\/\/pulver.rs\/wp-content\/uploads\/2025\/03\/3-300x200.jpg 300w, https:\/\/pulver.rs\/wp-content\/uploads\/2025\/03\/3-1024x683.jpg 1024w, https:\/\/pulver.rs\/wp-content\/uploads\/2025\/03\/3-768x512.jpg 768w\" sizes=\"(max-width: 1199px) 100vw, 1199px\" \/>\t\t\t\t\t\t\t\t\t\t\t\t\t\t\t<\/div>\n\t\t\t\t<\/div>\n\t\t\t\t<div class=\"elementor-element elementor-element-7bbacc9 elementor-widget elementor-widget-text-editor\" data-id=\"7bbacc9\" data-element_type=\"widget\" data-widget_type=\"text-editor.default\">\n\t\t\t\t<div class=\"elementor-widget-container\">\n\t\t\t\t\t\t\t\t\t<p>PULVER je jedan od vode\u0107ih evropskih proizvo\u0111a\u010da pra\u0161kastih boja sa vi\u0161e od 20 godina iskustva u industriji. Ova turska kompanija stekla je globalnu reputaciju zahvaljuju\u0107i vrhunskom kvalitetu svojih proizvoda, inovativnim re\u0161enjima i posve\u0107enosti ekolo\u0161ki odr\u017eivoj proizvodnji.<\/p><p>Sa \u0161irokim asortimanom boja i zavr\u0161nih obrada, PULVER boje su idealan izbor za razli\u010dite primene \u2013 od arhitekture i gra\u0111evinarstva do automobilske i metaloprera\u0111iva\u010dke industrije.<\/p><p>Zahvaljuju\u0107i naprednim formulacijama, PULVER nudi <strong>izuzetnu otpornost na spolja\u0161nje uticaje, dugotrajnu postojanost boja i ekolo\u0161ku sigurnos<\/strong>t, \u010dime postavlja nove standarde u industriji pra\u0161kastih premaza.<\/p>\t\t\t\t\t\t\t\t<\/div>\n\t\t\t\t<\/div>\n\t\t\t\t<\/div>\n\t\t\t\t<div class=\"elementor-element elementor-element-c8d9f73 elementor-widget elementor-widget-heading\" data-id=\"c8d9f73\" data-element_type=\"widget\" data-widget_type=\"heading.default\">\n\t\t\t\t<div class=\"elementor-widget-container\">\n\t\t\t\t\t<h4 class=\"elementor-heading-title elementor-size-default\">Corten Art Doo \u0160abac - generalni zastupnik i distributer<\/h4>\t\t\t\t<\/div>\n\t\t\t\t<\/div>\n\t\t\t\t<div class=\"elementor-element elementor-element-9bf81df elementor-widget elementor-widget-text-editor\" data-id=\"9bf81df\" data-element_type=\"widget\" data-widget_type=\"text-editor.default\">\n\t\t\t\t<div class=\"elementor-widget-container\">\n\t\t\t\t\t\t\t\t\t<p>Corten Art Doo je generalni zastupnik i distributer PULVER-a, renomiranog turskog proizvo\u0111a\u010da pra\u0161kastih boja za plastifikaciju. Sa vi\u0161e decenija iskustva i prisustvom na globalnom tr\u017ei\u0161tu, PULVER je sinonim za vrhunski kvalitet, dugotrajnost i ekolo\u0161ki prihvatljiva re\u0161enja u oblasti za\u0161tite i dekoracije metala.<\/p>\t\t\t\t\t\t\t\t<\/div>\n\t\t\t\t<\/div>\n\t\t<div class=\"elementor-element elementor-element-5f027db e-con-full e-flex e-con e-child\" data-id=\"5f027db\" data-element_type=\"container\">\n\t\t\t\t<div class=\"elementor-element elementor-element-e510cbc elementor-widget elementor-widget-button\" data-id=\"e510cbc\" data-element_type=\"widget\" data-widget_type=\"button.default\">\n\t\t\t\t<div class=\"elementor-widget-container\">\n\t\t\t\t\t\t\t\t\t<div class=\"elementor-button-wrapper\">\n\t\t\t\t\t<a class=\"elementor-button elementor-button-link elementor-size-sm\" href=\"tel:+381%2065%2080%2011%20015\">\n\t\t\t\t\t\t<span class=\"elementor-button-content-wrapper\">\n\t\t\t\t\t\t<span class=\"elementor-button-icon\">\n\t\t\t\t<svg aria-hidden=\"true\" class=\"e-font-icon-svg e-fas-phone-alt\" viewBox=\"0 0 512 512\" xmlns=\"http:\/\/www.w3.org\/2000\/svg\"><path d=\"M497.39 361.8l-112-48a24 24 0 0 0-28 6.9l-49.6 60.6A370.66 370.66 0 0 1 130.6 204.11l60.6-49.6a23.94 23.94 0 0 0 6.9-28l-48-112A24.16 24.16 0 0 0 122.6.61l-104 24A24 24 0 0 0 0 48c0 256.5 207.9 464 464 464a24 24 0 0 0 23.4-18.6l24-104a24.29 24.29 0 0 0-14.01-27.6z\"><\/path><\/svg>\t\t\t<\/span>\n\t\t\t\t\t\t\t\t\t<span class=\"elementor-button-text\">+381 65 80 11 015<\/span>\n\t\t\t\t\t<\/span>\n\t\t\t\t\t<\/a>\n\t\t\t\t<\/div>\n\t\t\t\t\t\t\t\t<\/div>\n\t\t\t\t<\/div>\n\t\t\t\t<div class=\"elementor-element elementor-element-db38f74 elementor-widget elementor-widget-button\" data-id=\"db38f74\" data-element_type=\"widget\" data-widget_type=\"button.default\">\n\t\t\t\t<div class=\"elementor-widget-container\">\n\t\t\t\t\t\t\t\t\t<div class=\"elementor-button-wrapper\">\n\t\t\t\t\t<a class=\"elementor-button elementor-button-link elementor-size-sm\" href=\"mailto:%20office@cortenart.rs\">\n\t\t\t\t\t\t<span class=\"elementor-button-content-wrapper\">\n\t\t\t\t\t\t<span class=\"elementor-button-icon\">\n\t\t\t\t<svg aria-hidden=\"true\" class=\"e-font-icon-svg e-far-envelope\" viewBox=\"0 0 512 512\" xmlns=\"http:\/\/www.w3.org\/2000\/svg\"><path d=\"M464 64H48C21.49 64 0 85.49 0 112v288c0 26.51 21.49 48 48 48h416c26.51 0 48-21.49 48-48V112c0-26.51-21.49-48-48-48zm0 48v40.805c-22.422 18.259-58.168 46.651-134.587 106.49-16.841 13.247-50.201 45.072-73.413 44.701-23.208.375-56.579-31.459-73.413-44.701C106.18 199.465 70.425 171.067 48 152.805V112h416zM48 400V214.398c22.914 18.251 55.409 43.862 104.938 82.646 21.857 17.205 60.134 55.186 103.062 54.955 42.717.231 80.509-37.199 103.053-54.947 49.528-38.783 82.032-64.401 104.947-82.653V400H48z\"><\/path><\/svg>\t\t\t<\/span>\n\t\t\t\t\t\t\t\t\t<span class=\"elementor-button-text\">office@cortenart.rs<\/span>\n\t\t\t\t\t<\/span>\n\t\t\t\t\t<\/a>\n\t\t\t\t<\/div>\n\t\t\t\t\t\t\t\t<\/div>\n\t\t\t\t<\/div>\n\t\t\t\t<\/div>\n\t\t\t\t\t<\/div>\n\t\t\t\t<\/div>\n\t\t<div class=\"elementor-element elementor-element-dd7420c e-grid e-con-boxed e-con e-parent\" data-id=\"dd7420c\" data-element_type=\"container\">\n\t\t\t\t\t<div class=\"e-con-inner\">\n\t\t\t\t<div class=\"elementor-element elementor-element-ae75074 elementor-widget elementor-widget-image\" data-id=\"ae75074\" data-element_type=\"widget\" data-widget_type=\"image.default\">\n\t\t\t\t<div class=\"elementor-widget-container\">\n\t\t\t\t\t\t\t\t\t\t\t\t\t\t\t\t<a href=\"https:\/\/pulver.rs\/wp-content\/uploads\/2025\/03\/Platinum-Kartela.pdf\" target=\"_blank\">\n\t\t\t\t\t\t\t<img decoding=\"async\" width=\"652\" height=\"879\" src=\"https:\/\/pulver.rs\/wp-content\/uploads\/2025\/03\/Platinum.png\" class=\"attachment-full size-full wp-image-36\" alt=\"\" srcset=\"https:\/\/pulver.rs\/wp-content\/uploads\/2025\/03\/Platinum.png 652w, https:\/\/pulver.rs\/wp-content\/uploads\/2025\/03\/Platinum-223x300.png 223w\" sizes=\"(max-width: 652px) 100vw, 652px\" \/>\t\t\t\t\t\t\t\t<\/a>\n\t\t\t\t\t\t\t\t\t\t\t\t\t\t\t<\/div>\n\t\t\t\t<\/div>\n\t\t\t\t<div class=\"elementor-element elementor-element-221d618 elementor-widget elementor-widget-image\" data-id=\"221d618\" data-element_type=\"widget\" data-widget_type=\"image.default\">\n\t\t\t\t<div class=\"elementor-widget-container\">\n\t\t\t\t\t\t\t\t\t\t\t\t\t\t\t\t<a href=\"https:\/\/pulver.rs\/wp-content\/uploads\/2025\/03\/Habitat-Kartela.pdf\" target=\"_blank\">\n\t\t\t\t\t\t\t<img decoding=\"async\" width=\"652\" height=\"879\" src=\"https:\/\/pulver.rs\/wp-content\/uploads\/2025\/03\/Habitat-2.png\" class=\"attachment-full size-full wp-image-34\" alt=\"\" srcset=\"https:\/\/pulver.rs\/wp-content\/uploads\/2025\/03\/Habitat-2.png 652w, https:\/\/pulver.rs\/wp-content\/uploads\/2025\/03\/Habitat-2-223x300.png 223w\" sizes=\"(max-width: 652px) 100vw, 652px\" \/>\t\t\t\t\t\t\t\t<\/a>\n\t\t\t\t\t\t\t\t\t\t\t\t\t\t\t<\/div>\n\t\t\t\t<\/div>\n\t\t\t\t<div class=\"elementor-element elementor-element-712ff91 elementor-widget elementor-widget-image\" data-id=\"712ff91\" data-element_type=\"widget\" data-widget_type=\"image.default\">\n\t\t\t\t<div class=\"elementor-widget-container\">\n\t\t\t\t\t\t\t\t\t\t\t\t\t\t\t\t<a href=\"https:\/\/pulver.rs\/wp-content\/uploads\/2025\/03\/Matt.pdf\" target=\"_blank\">\n\t\t\t\t\t\t\t<img loading=\"lazy\" decoding=\"async\" width=\"652\" height=\"879\" src=\"https:\/\/pulver.rs\/wp-content\/uploads\/2025\/03\/Matt.png\" class=\"attachment-full size-full wp-image-35\" alt=\"\" srcset=\"https:\/\/pulver.rs\/wp-content\/uploads\/2025\/03\/Matt.png 652w, https:\/\/pulver.rs\/wp-content\/uploads\/2025\/03\/Matt-223x300.png 223w\" sizes=\"(max-width: 652px) 100vw, 652px\" \/>\t\t\t\t\t\t\t\t<\/a>\n\t\t\t\t\t\t\t\t\t\t\t\t\t\t\t<\/div>\n\t\t\t\t<\/div>\n\t\t\t\t<div class=\"elementor-element elementor-element-94f6c86 elementor-widget elementor-widget-image\" data-id=\"94f6c86\" data-element_type=\"widget\" data-widget_type=\"image.default\">\n\t\t\t\t<div class=\"elementor-widget-container\">\n\t\t\t\t\t\t\t\t\t\t\t\t\t\t\t\t<a href=\"https:\/\/pulver.rs\/wp-content\/uploads\/2025\/03\/Texture-Kartela.pdf\" target=\"_blank\">\n\t\t\t\t\t\t\t<img loading=\"lazy\" decoding=\"async\" width=\"653\" height=\"879\" src=\"https:\/\/pulver.rs\/wp-content\/uploads\/2025\/03\/Texture.png\" class=\"attachment-full size-full wp-image-37\" alt=\"\" srcset=\"https:\/\/pulver.rs\/wp-content\/uploads\/2025\/03\/Texture.png 653w, https:\/\/pulver.rs\/wp-content\/uploads\/2025\/03\/Texture-223x300.png 223w\" sizes=\"(max-width: 653px) 100vw, 653px\" \/>\t\t\t\t\t\t\t\t<\/a>\n\t\t\t\t\t\t\t\t\t\t\t\t\t\t\t<\/div>\n\t\t\t\t<\/div>\n\t\t\t\t<div class=\"elementor-element elementor-element-45cf08f elementor-widget elementor-widget-image\" data-id=\"45cf08f\" data-element_type=\"widget\" data-widget_type=\"image.default\">\n\t\t\t\t<div class=\"elementor-widget-container\">\n\t\t\t\t\t\t\t\t\t\t\t\t\t\t\t\t<a href=\"https:\/\/pulver.rs\/wp-content\/uploads\/2025\/03\/Metallic-Kartela.pdf\" target=\"_blank\">\n\t\t\t\t\t\t\t<img loading=\"lazy\" decoding=\"async\" width=\"653\" height=\"879\" src=\"https:\/\/pulver.rs\/wp-content\/uploads\/2025\/03\/Metallic.png\" class=\"attachment-full size-full wp-image-40\" alt=\"\" srcset=\"https:\/\/pulver.rs\/wp-content\/uploads\/2025\/03\/Metallic.png 653w, https:\/\/pulver.rs\/wp-content\/uploads\/2025\/03\/Metallic-223x300.png 223w\" sizes=\"(max-width: 653px) 100vw, 653px\" \/>\t\t\t\t\t\t\t\t<\/a>\n\t\t\t\t\t\t\t\t\t\t\t\t\t\t\t<\/div>\n\t\t\t\t<\/div>\n\t\t\t\t<div class=\"elementor-element elementor-element-5c25b25 elementor-widget elementor-widget-image\" data-id=\"5c25b25\" data-element_type=\"widget\" data-widget_type=\"image.default\">\n\t\t\t\t<div class=\"elementor-widget-container\">\n\t\t\t\t\t\t\t\t\t\t\t\t\t\t\t\t<a href=\"https:\/\/pulver.rs\/wp-content\/uploads\/2025\/03\/Decorative-Kartela.pdf\" target=\"_blank\">\n\t\t\t\t\t\t\t<img loading=\"lazy\" decoding=\"async\" width=\"652\" height=\"879\" src=\"https:\/\/pulver.rs\/wp-content\/uploads\/2025\/03\/Decorative.png\" class=\"attachment-full size-full wp-image-38\" alt=\"\" srcset=\"https:\/\/pulver.rs\/wp-content\/uploads\/2025\/03\/Decorative.png 652w, https:\/\/pulver.rs\/wp-content\/uploads\/2025\/03\/Decorative-223x300.png 223w\" sizes=\"(max-width: 652px) 100vw, 652px\" \/>\t\t\t\t\t\t\t\t<\/a>\n\t\t\t\t\t\t\t\t\t\t\t\t\t\t\t<\/div>\n\t\t\t\t<\/div>\n\t\t\t\t<div class=\"elementor-element elementor-element-afd8b15 elementor-widget elementor-widget-image\" data-id=\"afd8b15\" data-element_type=\"widget\" data-widget_type=\"image.default\">\n\t\t\t\t<div class=\"elementor-widget-container\">\n\t\t\t\t\t\t\t\t\t\t\t\t\t\t\t\t<a href=\"https:\/\/pulver.rs\/wp-content\/uploads\/2025\/03\/Decorative-Kartela-1.pdf\" target=\"_blank\">\n\t\t\t\t\t\t\t<img loading=\"lazy\" decoding=\"async\" width=\"653\" height=\"879\" src=\"https:\/\/pulver.rs\/wp-content\/uploads\/2025\/03\/Decorative-Plus.png\" class=\"attachment-full size-full wp-image-39\" alt=\"\" srcset=\"https:\/\/pulver.rs\/wp-content\/uploads\/2025\/03\/Decorative-Plus.png 653w, https:\/\/pulver.rs\/wp-content\/uploads\/2025\/03\/Decorative-Plus-223x300.png 223w\" sizes=\"(max-width: 653px) 100vw, 653px\" \/>\t\t\t\t\t\t\t\t<\/a>\n\t\t\t\t\t\t\t\t\t\t\t\t\t\t\t<\/div>\n\t\t\t\t<\/div>\n\t\t\t\t<div class=\"elementor-element elementor-element-7ab03f8 elementor-widget elementor-widget-image\" data-id=\"7ab03f8\" data-element_type=\"widget\" data-widget_type=\"image.default\">\n\t\t\t\t<div class=\"elementor-widget-container\">\n\t\t\t\t\t\t\t\t\t\t\t\t\t\t\t\t<a href=\"https:\/\/pulver.rs\/wp-content\/uploads\/2025\/03\/Rusca-Kartela.pdf\" target=\"_blank\">\n\t\t\t\t\t\t\t<img loading=\"lazy\" decoding=\"async\" width=\"652\" height=\"879\" src=\"https:\/\/pulver.rs\/wp-content\/uploads\/2025\/03\/Unlimited-01.png\" class=\"attachment-full size-full wp-image-41\" alt=\"\" srcset=\"https:\/\/pulver.rs\/wp-content\/uploads\/2025\/03\/Unlimited-01.png 652w, https:\/\/pulver.rs\/wp-content\/uploads\/2025\/03\/Unlimited-01-223x300.png 223w\" sizes=\"(max-width: 652px) 100vw, 652px\" \/>\t\t\t\t\t\t\t\t<\/a>\n\t\t\t\t\t\t\t\t\t\t\t\t\t\t\t<\/div>\n\t\t\t\t<\/div>\n\t\t\t\t\t<\/div>\n\t\t\t\t<\/div>\n\t\t<div class=\"elementor-element elementor-element-c30e87a e-flex e-con-boxed e-con e-parent\" data-id=\"c30e87a\" data-element_type=\"container\">\n\t\t\t\t\t<div class=\"e-con-inner\">\n\t\t\t\t<div class=\"elementor-element elementor-element-b600c6d elementor-widget elementor-widget-heading\" data-id=\"b600c6d\" data-element_type=\"widget\" data-widget_type=\"heading.default\">\n\t\t\t\t<div class=\"elementor-widget-container\">\n\t\t\t\t\t<h4 class=\"elementor-heading-title elementor-size-default\">Za\u0161to izabrati PULVER?<\/h4>\t\t\t\t<\/div>\n\t\t\t\t<\/div>\n\t\t\t\t<div class=\"elementor-element elementor-element-2cd9d33 elementor-widget elementor-widget-text-editor\" data-id=\"2cd9d33\" data-element_type=\"widget\" data-widget_type=\"text-editor.default\">\n\t\t\t\t<div class=\"elementor-widget-container\">\n\t\t\t\t\t\t\t\t\t<h5><strong>PULVER boje za plastifikaciju imaju nekoliko klju\u010dnih prednosti koje ih izdvajaju od ostalih pra\u0161kastih boja na tr\u017ei\u0161tu:<\/strong><\/h5><p><strong> Vrhunski kvalitet i otpornost<\/strong><\/p><ul><li><strong>Dugotrajna za\u0161tita<\/strong> \u2013 PULVER boje nude izuzetnu otpornost na koroziju, vlagu, UV zra\u010denje i hemikalije, \u0161to ih \u010dini idealnim za spolja\u0161nje i industrijske primene.<\/li><li><strong>Otpornost na ogrebotine i habanje<\/strong> \u2013 Zbog napredne formulacije, povr\u0161ine premazane PULVER bojama zadr\u017eavaju svoj izgled i integritet dugi niz godina.<\/li><\/ul><p>\u00a0<\/p><p><strong>\u0160irok spektar boja i zavr\u0161nih obrada<\/strong><\/p><ul><li><strong>Beskona\u010dne mogu\u0107nosti dizajna<\/strong> \u2013 PULVER nudi stotine nijansi i razli\u010dite zavr\u0161ne obrade (mat, visok sjaj, teksturirane, metalik, efekti peska, saten i dr.).<\/li><li><strong>Postojanost boje<\/strong> \u2013 Zahvaljuju\u0107i stabilnim pigmentima, boje ne blede i ne menjaju nijansu \u010dak ni pod ekstremnim vremenskim uslovima.<\/li><\/ul><p>\u00a0<\/p><p><strong> Ekolo\u0161ka prednost<\/strong><\/p><ul><li><strong>Bez rastvara\u010da i te\u0161kih metala<\/strong> \u2013 PULVER boje su ekolo\u0161ki prihvatljive i ne sadr\u017ee \u0161tetne materije poput olova ili kadmijuma.<\/li><li><strong>Niska emisija VOC<\/strong> \u2013 Za razliku od te\u010dnih boja, ne sadr\u017ee isparljive organske komponente (VOC), \u0161to ih \u010dini sigurnijim za rad i okolinu.<\/li><\/ul><p>\u00a0<\/p><p><strong>Efikasnost i u\u0161teda u proizvodnji<\/strong><\/p><ul><li><strong>Odli\u010dna pokrivnost i adhezija<\/strong> \u2013 Manja koli\u010dina boje je potrebna za potpunu pokrivenost, \u0161to smanjuje tro\u0161kove.<\/li><li><strong>Minimalan otpad<\/strong> \u2013 Pra\u0161kaste boje koje se ne zalepe za povr\u0161inu mogu se reciklirati i ponovo koristiti, \u0161to pove\u0107ava iskoristivost materijala.<\/li><li><strong>Brzo o\u010dvr\u0161\u0107avanje<\/strong> \u2013 Skra\u0107eno vreme polimerizacije zna\u010di ve\u0107u produktivnost i ni\u017ee operativne tro\u0161kove.<\/li><\/ul><p>\u00a0<\/p><p><strong>Dokazana reputacija i pouzdanost<\/strong><\/p><ul><li><strong>Me\u0111unarodni standardi kvaliteta<\/strong> \u2013 PULVER boje su u skladu sa ISO, Qualicoat i GSB sertifikatima, \u0161to garantuje njihovu vrhunsku pouzdanost i dugotrajnost.<\/li><li><strong>Vi\u0161e od 40 godina iskustva<\/strong> \u2013 PULVER je lider u industriji i jedan od najve\u0107ih proizvo\u0111a\u010da pra\u0161kastih boja u Evropi i svetu.<\/li><\/ul>\t\t\t\t\t\t\t\t<\/div>\n\t\t\t\t<\/div>\n\t\t\t\t<div class=\"elementor-element elementor-element-25e57fb elementor-widget elementor-widget-heading\" data-id=\"25e57fb\" data-element_type=\"widget\" data-widget_type=\"heading.default\">\n\t\t\t\t<div class=\"elementor-widget-container\">\n\t\t\t\t\t<h4 class=\"elementor-heading-title elementor-size-default\">Kontaktirajte nas<\/h4>\t\t\t\t<\/div>\n\t\t\t\t<\/div>\n\t\t\t\t<div class=\"elementor-element elementor-element-d20ab27 elementor-widget elementor-widget-text-editor\" data-id=\"d20ab27\" data-element_type=\"widget\" data-widget_type=\"text-editor.default\">\n\t\t\t\t<div class=\"elementor-widget-container\">\n\t\t\t\t\t\t\t\t\t<p>PULVER boje nude <strong>najbolji odnos cene i kvaliteta<\/strong>, pru\u017eaju dugotrajnu za\u0161titu, ekolo\u0161ki su prihvatljive i omogu\u0107avaju vrhunsku estetiku i funkcionalnost u svim industrijama.<\/p>\t\t\t\t\t\t\t\t<\/div>\n\t\t\t\t<\/div>\n\t\t<div class=\"elementor-element elementor-element-2a9b27d e-con-full e-flex e-con e-child\" data-id=\"2a9b27d\" data-element_type=\"container\">\n\t\t\t\t<div class=\"elementor-element elementor-element-a24358c elementor-widget elementor-widget-button\" data-id=\"a24358c\" data-element_type=\"widget\" data-widget_type=\"button.default\">\n\t\t\t\t<div class=\"elementor-widget-container\">\n\t\t\t\t\t\t\t\t\t<div class=\"elementor-button-wrapper\">\n\t\t\t\t\t<a class=\"elementor-button elementor-button-link elementor-size-sm\" href=\"tel:+381%2065%2080%2011%20015\">\n\t\t\t\t\t\t<span class=\"elementor-button-content-wrapper\">\n\t\t\t\t\t\t<span class=\"elementor-button-icon\">\n\t\t\t\t<svg aria-hidden=\"true\" class=\"e-font-icon-svg e-fas-phone-alt\" viewBox=\"0 0 512 512\" xmlns=\"http:\/\/www.w3.org\/2000\/svg\"><path d=\"M497.39 361.8l-112-48a24 24 0 0 0-28 6.9l-49.6 60.6A370.66 370.66 0 0 1 130.6 204.11l60.6-49.6a23.94 23.94 0 0 0 6.9-28l-48-112A24.16 24.16 0 0 0 122.6.61l-104 24A24 24 0 0 0 0 48c0 256.5 207.9 464 464 464a24 24 0 0 0 23.4-18.6l24-104a24.29 24.29 0 0 0-14.01-27.6z\"><\/path><\/svg>\t\t\t<\/span>\n\t\t\t\t\t\t\t\t\t<span class=\"elementor-button-text\">+381 65 80 11 015<\/span>\n\t\t\t\t\t<\/span>\n\t\t\t\t\t<\/a>\n\t\t\t\t<\/div>\n\t\t\t\t\t\t\t\t<\/div>\n\t\t\t\t<\/div>\n\t\t\t\t<div class=\"elementor-element elementor-element-e80bcec elementor-widget elementor-widget-button\" data-id=\"e80bcec\" data-element_type=\"widget\" data-widget_type=\"button.default\">\n\t\t\t\t<div class=\"elementor-widget-container\">\n\t\t\t\t\t\t\t\t\t<div class=\"elementor-button-wrapper\">\n\t\t\t\t\t<a class=\"elementor-button elementor-button-link elementor-size-sm\" href=\"mailto:%20office@cortenart.rs\">\n\t\t\t\t\t\t<span class=\"elementor-button-content-wrapper\">\n\t\t\t\t\t\t<span class=\"elementor-button-icon\">\n\t\t\t\t<svg aria-hidden=\"true\" class=\"e-font-icon-svg e-far-envelope\" viewBox=\"0 0 512 512\" xmlns=\"http:\/\/www.w3.org\/2000\/svg\"><path d=\"M464 64H48C21.49 64 0 85.49 0 112v288c0 26.51 21.49 48 48 48h416c26.51 0 48-21.49 48-48V112c0-26.51-21.49-48-48-48zm0 48v40.805c-22.422 18.259-58.168 46.651-134.587 106.49-16.841 13.247-50.201 45.072-73.413 44.701-23.208.375-56.579-31.459-73.413-44.701C106.18 199.465 70.425 171.067 48 152.805V112h416zM48 400V214.398c22.914 18.251 55.409 43.862 104.938 82.646 21.857 17.205 60.134 55.186 103.062 54.955 42.717.231 80.509-37.199 103.053-54.947 49.528-38.783 82.032-64.401 104.947-82.653V400H48z\"><\/path><\/svg>\t\t\t<\/span>\n\t\t\t\t\t\t\t\t\t<span class=\"elementor-button-text\">office@cortenart.rs<\/span>\n\t\t\t\t\t<\/span>\n\t\t\t\t\t<\/a>\n\t\t\t\t<\/div>\n\t\t\t\t\t\t\t\t<\/div>\n\t\t\t\t<\/div>\n\t\t\t\t<\/div>\n\t\t\t\t\t<\/div>\n\t\t\t\t<\/div>\n\t\t\t\t<\/div>\n\t\t","protected":false},"excerpt":{"rendered":"<p>Kvalitetne boje za plastifikaciju PULVER je jedan od vode\u0107ih evropskih proizvo\u0111a\u010da pra\u0161kastih boja sa vi\u0161e od 20 godina iskustva u industriji. Ova turska kompanija stekla je globalnu reputaciju zahvaljuju\u0107i vrhunskom kvalitetu svojih proizvoda, inovativnim re\u0161enjima i posve\u0107enosti ekolo\u0161ki odr\u017eivoj proizvodnji. Sa \u0161irokim asortimanom boja i zavr\u0161nih obrada, PULVER boje su idealan izbor za razli\u010dite primene [&hellip;]<\/p>\n","protected":false},"author":1,"featured_media":0,"parent":0,"menu_order":0,"comment_status":"closed","ping_status":"closed","template":"elementor_header_footer","meta":{"footnotes":""},"class_list":["post-17","page","type-page","status-publish","hentry"],"_links":{"self":[{"href":"https:\/\/pulver.rs\/index.php\/wp-json\/wp\/v2\/pages\/17","targetHints":{"allow":["GET"]}}],"collection":[{"href":"https:\/\/pulver.rs\/index.php\/wp-json\/wp\/v2\/pages"}],"about":[{"href":"https:\/\/pulver.rs\/index.php\/wp-json\/wp\/v2\/types\/page"}],"author":[{"embeddable":true,"href":"https:\/\/pulver.rs\/index.php\/wp-json\/wp\/v2\/users\/1"}],"replies":[{"embeddable":true,"href":"https:\/\/pulver.rs\/index.php\/wp-json\/wp\/v2\/comments?post=17"}],"version-history":[{"count":25,"href":"https:\/\/pulver.rs\/index.php\/wp-json\/wp\/v2\/pages\/17\/revisions"}],"predecessor-version":[{"id":67,"href":"https:\/\/pulver.rs\/index.php\/wp-json\/wp\/v2\/pages\/17\/revisions\/67"}],"wp:attachment":[{"href":"https:\/\/pulver.rs\/index.php\/wp-json\/wp\/v2\/media?parent=17"}],"curies":[{"name":"wp","href":"https:\/\/api.w.org\/{rel}","templated":true}]}}